{"id":54,"date":"2020-02-12T10:10:42","date_gmt":"2020-02-12T09:10:42","guid":{"rendered":"http:\/\/www.ffpw.at\/cms6\/?page_id=54"},"modified":"2020-10-26T19:36:30","modified_gmt":"2020-10-26T18:36:30","slug":"fahrzeuge","status":"publish","type":"page","link":"https:\/\/www.ffpw.at\/?page_id=54","title":{"rendered":"Fahrzeuge"},"content":{"rendered":"\t\t<div data-elementor-type=\"wp-page\" data-elementor-id=\"54\" class=\"elementor elementor-54\" data-elementor-post-type=\"page\">\n\t\t\t\t\t\t<section class=\"elementor-section elementor-top-section elementor-element elementor-element-66e00f1 elementor-section-boxed elementor-section-height-default elementor-section-height-default\" data-id=\"66e00f1\" data-element_type=\"section\" data-e-type=\"section\">\n\t\t\t\t\t\t<div class=\"elementor-container elementor-column-gap-default\">\n\t\t\t\t\t<div class=\"elementor-column elementor-col-50 elementor-top-column elementor-element elementor-element-baddc1e\" data-id=\"baddc1e\" data-element_type=\"column\" data-e-type=\"column\">\n\t\t\t<div class=\"elementor-widget-wrap elementor-element-populated\">\n\t\t\t\t\t\t<div class=\"elementor-element elementor-element-31f9c96 elementor-widget elementor-widget-image\" data-id=\"31f9c96\" data-element_type=\"widget\" data-e-type=\"widget\" data-widget_type=\"image.default\">\n\t\t\t\t<div class=\"elementor-widget-container\">\n\t\t\t\t\t\t\t\t\t\t\t\t\t\t\t<img fetchpriority=\"high\" decoding=\"async\" width=\"800\" height=\"533\" src=\"https:\/\/www.ffpw.at\/wp-content\/uploads\/2020\/03\/tlf2000.jpg\" class=\"attachment-large size-large wp-image-194\" alt=\"\" srcset=\"https:\/\/www.ffpw.at\/wp-content\/uploads\/2020\/03\/tlf2000.jpg 800w, https:\/\/www.ffpw.at\/wp-content\/uploads\/2020\/03\/tlf2000-300x200.jpg 300w, https:\/\/www.ffpw.at\/wp-content\/uploads\/2020\/03\/tlf2000-768x512.jpg 768w\" sizes=\"(max-width: 800px) 100vw, 800px\" \/>\t\t\t\t\t\t\t\t\t\t\t\t\t\t\t<\/div>\n\t\t\t\t<\/div>\n\t\t\t\t\t<\/div>\n\t\t<\/div>\n\t\t\t\t<div class=\"elementor-column elementor-col-50 elementor-top-column elementor-element elementor-element-e13519b\" data-id=\"e13519b\" data-element_type=\"column\" data-e-type=\"column\">\n\t\t\t<div class=\"elementor-widget-wrap elementor-element-populated\">\n\t\t\t\t\t\t<div class=\"elementor-element elementor-element-d4d6eff elementor-widget elementor-widget-heading\" data-id=\"d4d6eff\" data-element_type=\"widget\" data-e-type=\"widget\" data-widget_type=\"heading.default\">\n\t\t\t\t<div class=\"elementor-widget-container\">\n\t\t\t\t\t<h2 class=\"elementor-heading-title elementor-size-default\">TLF A-2000<\/h2>\t\t\t\t<\/div>\n\t\t\t\t<\/div>\n\t\t\t\t<div class=\"elementor-element elementor-element-d000780 elementor-widget elementor-widget-text-editor\" data-id=\"d000780\" data-element_type=\"widget\" data-e-type=\"widget\" data-widget_type=\"text-editor.default\">\n\t\t\t\t<div class=\"elementor-widget-container\">\n\t\t\t\t\t\t\t\t\t<p style=\"text-align: center;\">Das unumstrittene Schwergewicht unter unseren Fahrzeugen ist eindeutig das TLF-A 2000. Dank des 2000 Liter Wassertanks und der eingebauten Hoch- und Normaldruckpumpe samt Schnellangriffsvorrichtung (60m HD-Schlauch) sind wir innerhalb weniger Augenblicke sofort Einsatzbereit und f\u00fcr alle Eventualit\u00e4ten bestens ger\u00fcstet.<\/p>\t\t\t\t\t\t\t\t<\/div>\n\t\t\t\t<\/div>\n\t\t\t\t\t<\/div>\n\t\t<\/div>\n\t\t\t\t\t<\/div>\n\t\t<\/section>\n\t\t\t\t<section class=\"elementor-section elementor-top-section elementor-element elementor-element-181bcda elementor-section-boxed elementor-section-height-default elementor-section-height-default\" data-id=\"181bcda\" data-element_type=\"section\" data-e-type=\"section\">\n\t\t\t\t\t\t<div class=\"elementor-container elementor-column-gap-default\">\n\t\t\t\t\t<div class=\"elementor-column elementor-col-50 elementor-top-column elementor-element elementor-element-219191f\" data-id=\"219191f\" data-element_type=\"column\" data-e-type=\"column\">\n\t\t\t<div class=\"elementor-widget-wrap elementor-element-populated\">\n\t\t\t\t\t\t<div class=\"elementor-element elementor-element-41357c5 elementor-widget elementor-widget-heading\" data-id=\"41357c5\" data-element_type=\"widget\" data-e-type=\"widget\" data-widget_type=\"heading.default\">\n\t\t\t\t<div class=\"elementor-widget-container\">\n\t\t\t\t\t<h2 class=\"elementor-heading-title elementor-size-default\">LKW<\/h2>\t\t\t\t<\/div>\n\t\t\t\t<\/div>\n\t\t\t\t<div class=\"elementor-element elementor-element-fe87d7f elementor-widget elementor-widget-text-editor\" data-id=\"fe87d7f\" data-element_type=\"widget\" data-e-type=\"widget\" data-widget_type=\"text-editor.default\">\n\t\t\t\t<div class=\"elementor-widget-container\">\n\t\t\t\t\t\t\t\t\t<p style=\"text-align: center;\">Maximale Flexibilit\u00e4t bietet unser LKW in Verbindung mit den eigens f\u00fcr verschiendene<br \/>Einsatzzwecke zusammgengestellten Rollcontainern.Immer mit dabei sind nat\u00fcrlich die wichtigsten Utensilien wie das hydraulische Rettungsger\u00e4t, und die Hebekissen.<\/p>\t\t\t\t\t\t\t\t<\/div>\n\t\t\t\t<\/div>\n\t\t\t\t\t<\/div>\n\t\t<\/div>\n\t\t\t\t<div class=\"elementor-column elementor-col-50 elementor-top-column elementor-element elementor-element-edf273c\" data-id=\"edf273c\" data-element_type=\"column\" data-e-type=\"column\">\n\t\t\t<div class=\"elementor-widget-wrap elementor-element-populated\">\n\t\t\t\t\t\t<div class=\"elementor-element elementor-element-b3f06b1 elementor-widget elementor-widget-image\" data-id=\"b3f06b1\" data-element_type=\"widget\" data-e-type=\"widget\" data-widget_type=\"image.default\">\n\t\t\t\t<div class=\"elementor-widget-container\">\n\t\t\t\t\t\t\t\t\t\t\t\t\t\t\t<img decoding=\"async\" width=\"600\" height=\"400\" src=\"https:\/\/www.ffpw.at\/wp-content\/uploads\/2020\/03\/LKW.jpg\" class=\"attachment-large size-large wp-image-197\" alt=\"\" srcset=\"https:\/\/www.ffpw.at\/wp-content\/uploads\/2020\/03\/LKW.jpg 600w, https:\/\/www.ffpw.at\/wp-content\/uploads\/2020\/03\/LKW-300x200.jpg 300w\" sizes=\"(max-width: 600px) 100vw, 600px\" \/>\t\t\t\t\t\t\t\t\t\t\t\t\t\t\t<\/div>\n\t\t\t\t<\/div>\n\t\t\t\t\t<\/div>\n\t\t<\/div>\n\t\t\t\t\t<\/div>\n\t\t<\/section>\n\t\t\t\t<section class=\"elementor-section elementor-top-section elementor-element elementor-element-9317df2 elementor-section-boxed elementor-section-height-default elementor-section-height-default\" data-id=\"9317df2\" data-element_type=\"section\" data-e-type=\"section\">\n\t\t\t\t\t\t<div class=\"elementor-container elementor-column-gap-default\">\n\t\t\t\t\t<div class=\"elementor-column elementor-col-50 elementor-top-column elementor-element elementor-element-90c7f8d\" data-id=\"90c7f8d\" data-element_type=\"column\" data-e-type=\"column\">\n\t\t\t<div class=\"elementor-widget-wrap elementor-element-populated\">\n\t\t\t\t\t\t<div class=\"elementor-element elementor-element-de89a1b elementor-widget elementor-widget-image\" data-id=\"de89a1b\" data-element_type=\"widget\" data-e-type=\"widget\" data-widget_type=\"image.default\">\n\t\t\t\t<div class=\"elementor-widget-container\">\n\t\t\t\t\t\t\t\t\t\t\t\t\t\t\t<img decoding=\"async\" width=\"600\" height=\"400\" src=\"https:\/\/www.ffpw.at\/wp-content\/uploads\/2020\/03\/TLFA500.jpg\" class=\"attachment-large size-large wp-image-223\" alt=\"\" srcset=\"https:\/\/www.ffpw.at\/wp-content\/uploads\/2020\/03\/TLFA500.jpg 600w, https:\/\/www.ffpw.at\/wp-content\/uploads\/2020\/03\/TLFA500-300x200.jpg 300w\" sizes=\"(max-width: 600px) 100vw, 600px\" \/>\t\t\t\t\t\t\t\t\t\t\t\t\t\t\t<\/div>\n\t\t\t\t<\/div>\n\t\t\t\t\t<\/div>\n\t\t<\/div>\n\t\t\t\t<div class=\"elementor-column elementor-col-50 elementor-top-column elementor-element elementor-element-a5667f1\" data-id=\"a5667f1\" data-element_type=\"column\" data-e-type=\"column\">\n\t\t\t<div class=\"elementor-widget-wrap elementor-element-populated\">\n\t\t\t\t\t\t<div class=\"elementor-element elementor-element-fd825c1 elementor-widget elementor-widget-heading\" data-id=\"fd825c1\" data-element_type=\"widget\" data-e-type=\"widget\" data-widget_type=\"heading.default\">\n\t\t\t\t<div class=\"elementor-widget-container\">\n\t\t\t\t\t<h2 class=\"elementor-heading-title elementor-size-default\">TLF-A 500 (TS)<\/h2>\t\t\t\t<\/div>\n\t\t\t\t<\/div>\n\t\t\t\t<div class=\"elementor-element elementor-element-6fbf7b6 elementor-widget elementor-widget-text-editor\" data-id=\"6fbf7b6\" data-element_type=\"widget\" data-e-type=\"widget\" data-widget_type=\"text-editor.default\">\n\t\t\t\t<div class=\"elementor-widget-container\">\n\t\t\t\t\t\t\t\t\t<p style=\"text-align: center;\">Bei technischen Eins\u00e4tzen wie Hochwasser oder Baumschneidearbeiten befindet sich das TLF-A 500 in der ersten Reihe. Zudem ist mit der im Heck eingebauten Tragkraftspritze (TS) nat\u00fcrlich speziell f\u00fcr das F\u00f6rdern von L\u00f6schwasser konzipiert.Dank<br \/>des 500 Liter Wassertanks, der Schnellangriffsvorrichtung (HD) und 3<br \/>Atemschutzpl\u00e4tzen ist jederzeit ein ein rascher L\u00f6schangriff m\u00f6glich.<\/p>\t\t\t\t\t\t\t\t<\/div>\n\t\t\t\t<\/div>\n\t\t\t\t\t<\/div>\n\t\t<\/div>\n\t\t\t\t\t<\/div>\n\t\t<\/section>\n\t\t\t\t<section class=\"elementor-section elementor-top-section elementor-element elementor-element-857fb0c elementor-section-boxed elementor-section-height-default elementor-section-height-default\" data-id=\"857fb0c\" data-element_type=\"section\" data-e-type=\"section\">\n\t\t\t\t\t\t<div class=\"elementor-container elementor-column-gap-default\">\n\t\t\t\t\t<div class=\"elementor-column elementor-col-50 elementor-top-column elementor-element elementor-element-854211b\" data-id=\"854211b\" data-element_type=\"column\" data-e-type=\"column\">\n\t\t\t<div class=\"elementor-widget-wrap elementor-element-populated\">\n\t\t\t\t\t\t<div class=\"elementor-element elementor-element-0b5a91a elementor-widget elementor-widget-heading\" data-id=\"0b5a91a\" data-element_type=\"widget\" data-e-type=\"widget\" data-widget_type=\"heading.default\">\n\t\t\t\t<div class=\"elementor-widget-container\">\n\t\t\t\t\t<h2 class=\"elementor-heading-title elementor-size-default\">MTF<\/h2>\t\t\t\t<\/div>\n\t\t\t\t<\/div>\n\t\t\t\t<div class=\"elementor-element elementor-element-ac88641 elementor-widget elementor-widget-text-editor\" data-id=\"ac88641\" data-element_type=\"widget\" data-e-type=\"widget\" data-widget_type=\"text-editor.default\">\n\t\t\t\t<div class=\"elementor-widget-container\">\n\t\t\t\t\t\t\t\t\t<p style=\"text-align: center;\">F\u00fcr den Tanrport unserer Kameraden bei Eins\u00e4tzen mit gro\u00dfen Anforderung wie z.B. einer Personensuche oder die Abl\u00f6se bei lange andauernten Gro\u00dfereignissen ist<br \/>unser Mannschafts-Transport-Fahrzeug bestens geeignet. Aber nicht nur im Einsatzfall, auf f\u00fcr Weiterbildungen, Leistungsbewerben<br \/>und Aurs\u00fcckungen zu B\u00e4llen und Sommerfesten bietet das MTF dank 13<br \/>Sitzen reichlich Platz.<\/p>\t\t\t\t\t\t\t\t<\/div>\n\t\t\t\t<\/div>\n\t\t\t\t\t<\/div>\n\t\t<\/div>\n\t\t\t\t<div class=\"elementor-column elementor-col-50 elementor-top-column elementor-element elementor-element-a564cce\" data-id=\"a564cce\" data-element_type=\"column\" data-e-type=\"column\">\n\t\t\t<div class=\"elementor-widget-wrap elementor-element-populated\">\n\t\t\t\t\t\t<div class=\"elementor-element elementor-element-fefd551 elementor-widget elementor-widget-image\" data-id=\"fefd551\" data-element_type=\"widget\" data-e-type=\"widget\" data-widget_type=\"image.default\">\n\t\t\t\t<div class=\"elementor-widget-container\">\n\t\t\t\t\t\t\t\t\t\t\t\t\t\t\t<img loading=\"lazy\" decoding=\"async\" width=\"600\" height=\"338\" src=\"https:\/\/www.ffpw.at\/wp-content\/uploads\/2020\/03\/mtf_closed.jpg\" class=\"attachment-large size-large wp-image-199\" alt=\"\" srcset=\"https:\/\/www.ffpw.at\/wp-content\/uploads\/2020\/03\/mtf_closed.jpg 600w, https:\/\/www.ffpw.at\/wp-content\/uploads\/2020\/03\/mtf_closed-300x169.jpg 300w\" sizes=\"(max-width: 600px) 100vw, 600px\" \/>\t\t\t\t\t\t\t\t\t\t\t\t\t\t\t<\/div>\n\t\t\t\t<\/div>\n\t\t\t\t\t<\/div>\n\t\t<\/div>\n\t\t\t\t\t<\/div>\n\t\t<\/section>\n\t\t\t\t<\/div>\n\t\t","protected":false},"excerpt":{"rendered":"<p>TLF A-2000 Das unumstrittene Schwergewicht unter unseren Fahrzeugen ist eindeutig das TLF-A 2000. Dank des 2000 Liter Wassertanks und der eingebauten Hoch- und Normaldruckpumpe samt Schnellangriffsvorrichtung (60m HD-Schlauch) sind wir innerhalb weniger Augenblicke sofort Einsatzbereit und f\u00fcr alle Eventualit\u00e4ten bestens ger\u00fcstet. LKW Maximale Flexibilit\u00e4t bietet unser LKW in Verbindung mit den eigens f\u00fcr verschiendene Einsatzzwecke zusammgengestellten Rollcontainern.Immer mit dabei sind nat\u00fcrlich die wichtigsten Utensilien wie das hydraulische Rettungsger\u00e4t, und die Hebekissen. TLF-A 500 (TS) Bei technischen Eins\u00e4tzen wie Hochwasser oder Baumschneidearbeiten befindet sich das TLF-A 500 in der ersten Reihe. Zudem ist mit der im Heck eingebauten Tragkraftspritze (TS) nat\u00fcrlich&#8230; <\/p>\n","protected":false},"author":1,"featured_media":0,"parent":14,"menu_order":0,"comment_status":"closed","ping_status":"closed","template":"template-parts\/template-full-width.php","meta":{"footnotes":""},"class_list":["post-54","page","type-page","status-publish","hentry"],"_links":{"self":[{"href":"https:\/\/www.ffpw.at\/index.php?rest_route=\/wp\/v2\/pages\/54","targetHints":{"allow":["GET"]}}],"collection":[{"href":"https:\/\/www.ffpw.at\/index.php?rest_route=\/wp\/v2\/pages"}],"about":[{"href":"https:\/\/www.ffpw.at\/index.php?rest_route=\/wp\/v2\/types\/page"}],"author":[{"embeddable":true,"href":"https:\/\/www.ffpw.at\/index.php?rest_route=\/wp\/v2\/users\/1"}],"replies":[{"embeddable":true,"href":"https:\/\/www.ffpw.at\/index.php?rest_route=%2Fwp%2Fv2%2Fcomments&post=54"}],"version-history":[{"count":0,"href":"https:\/\/www.ffpw.at\/index.php?rest_route=\/wp\/v2\/pages\/54\/revisions"}],"up":[{"embeddable":true,"href":"https:\/\/www.ffpw.at\/index.php?rest_route=\/wp\/v2\/pages\/14"}],"wp:attachment":[{"href":"https:\/\/www.ffpw.at\/index.php?rest_route=%2Fwp%2Fv2%2Fmedia&parent=54"}],"curies":[{"name":"wp","href":"https:\/\/api.w.org\/{rel}","templated":true}]}}