{"id":56,"date":"2020-02-12T10:10:59","date_gmt":"2020-02-12T09:10:59","guid":{"rendered":"http:\/\/www.ffpw.at\/cms6\/?page_id=56"},"modified":"2020-04-21T23:44:30","modified_gmt":"2020-04-21T21:44:30","slug":"ausrustung","status":"publish","type":"page","link":"https:\/\/www.ffpw.at\/?page_id=56","title":{"rendered":"Ausr\u00fcstung"},"content":{"rendered":"\t\t<div data-elementor-type=\"wp-page\" data-elementor-id=\"56\" class=\"elementor elementor-56\" data-elementor-post-type=\"page\">\n\t\t\t\t\t\t<section class=\"elementor-section elementor-top-section elementor-element elementor-element-4fae034 elementor-section-boxed elementor-section-height-default elementor-section-height-default\" data-id=\"4fae034\" data-element_type=\"section\" data-e-type=\"section\">\n\t\t\t\t\t\t<div class=\"elementor-container elementor-column-gap-default\">\n\t\t\t\t\t<div class=\"elementor-column elementor-col-50 elementor-top-column elementor-element elementor-element-2b01fdc\" data-id=\"2b01fdc\" data-element_type=\"column\" data-e-type=\"column\">\n\t\t\t<div class=\"elementor-widget-wrap elementor-element-populated\">\n\t\t\t\t\t\t<div class=\"elementor-element elementor-element-b1beabe elementor-widget elementor-widget-image\" data-id=\"b1beabe\" data-element_type=\"widget\" data-e-type=\"widget\" data-widget_type=\"image.default\">\n\t\t\t\t<div class=\"elementor-widget-container\">\n\t\t\t\t\t\t\t\t\t\t\t\t\t\t\t<img fetchpriority=\"high\" decoding=\"async\" width=\"600\" height=\"400\" src=\"https:\/\/www.ffpw.at\/wp-content\/uploads\/2020\/03\/IMG_2229.jpg\" class=\"attachment-large size-large wp-image-227\" alt=\"\" srcset=\"https:\/\/www.ffpw.at\/wp-content\/uploads\/2020\/03\/IMG_2229.jpg 600w, https:\/\/www.ffpw.at\/wp-content\/uploads\/2020\/03\/IMG_2229-300x200.jpg 300w\" sizes=\"(max-width: 600px) 100vw, 600px\" \/>\t\t\t\t\t\t\t\t\t\t\t\t\t\t\t<\/div>\n\t\t\t\t<\/div>\n\t\t\t\t\t<\/div>\n\t\t<\/div>\n\t\t\t\t<div class=\"elementor-column elementor-col-50 elementor-top-column elementor-element elementor-element-41fbbf4\" data-id=\"41fbbf4\" data-element_type=\"column\" data-e-type=\"column\">\n\t\t\t<div class=\"elementor-widget-wrap elementor-element-populated\">\n\t\t\t\t\t\t<div class=\"elementor-element elementor-element-adbf873 elementor-widget elementor-widget-heading\" data-id=\"adbf873\" data-element_type=\"widget\" data-e-type=\"widget\" data-widget_type=\"heading.default\">\n\t\t\t\t<div class=\"elementor-widget-container\">\n\t\t\t\t\t<h2 class=\"elementor-heading-title elementor-size-default\">Notstromaggregat<\/h2>\t\t\t\t<\/div>\n\t\t\t\t<\/div>\n\t\t\t\t<div class=\"elementor-element elementor-element-30d7534 elementor-widget elementor-widget-text-editor\" data-id=\"30d7534\" data-element_type=\"widget\" data-e-type=\"widget\" data-widget_type=\"text-editor.default\">\n\t\t\t\t<div class=\"elementor-widget-container\">\n\t\t\t\t\t\t\t\t\t<p style=\"text-align: center;\">Das Notstromaggregat dient zur mobilen Stromversorgung von elektrischen Verbrauchen. Anwendungsbeispiele f\u00fcr die Energieversorgung:<\/p><ul><li style=\"text-align: center;\">Einsatzbeleuchtung<\/li><li style=\"text-align: center;\">Tauchpumpen<\/li><li style=\"text-align: center;\">Rettungsger\u00e4ten<\/li><\/ul>\t\t\t\t\t\t\t\t<\/div>\n\t\t\t\t<\/div>\n\t\t\t\t\t<\/div>\n\t\t<\/div>\n\t\t\t\t\t<\/div>\n\t\t<\/section>\n\t\t\t\t<section class=\"elementor-section elementor-top-section elementor-element elementor-element-1f9eca3 elementor-section-boxed elementor-section-height-default elementor-section-height-default\" data-id=\"1f9eca3\" data-element_type=\"section\" data-e-type=\"section\">\n\t\t\t\t\t\t<div class=\"elementor-container elementor-column-gap-default\">\n\t\t\t\t\t<div class=\"elementor-column elementor-col-50 elementor-top-column elementor-element elementor-element-906004f\" data-id=\"906004f\" data-element_type=\"column\" data-e-type=\"column\">\n\t\t\t<div class=\"elementor-widget-wrap elementor-element-populated\">\n\t\t\t\t\t\t<div class=\"elementor-element elementor-element-da98634 elementor-widget elementor-widget-heading\" data-id=\"da98634\" data-element_type=\"widget\" data-e-type=\"widget\" data-widget_type=\"heading.default\">\n\t\t\t\t<div class=\"elementor-widget-container\">\n\t\t\t\t\t<h2 class=\"elementor-heading-title elementor-size-default\">Atemschutzger\u00e4t<\/h2>\t\t\t\t<\/div>\n\t\t\t\t<\/div>\n\t\t\t\t<div class=\"elementor-element elementor-element-fd5fd39 elementor-widget elementor-widget-text-editor\" data-id=\"fd5fd39\" data-element_type=\"widget\" data-e-type=\"widget\" data-widget_type=\"text-editor.default\">\n\t\t\t\t<div class=\"elementor-widget-container\">\n\t\t\t\t\t\t\t\t\t<p style=\"text-align: center;\">Atemschutzger\u00e4te dienen zum sicheren Vorgehen bei nicht atembarer Luft. Sie sch\u00fctzen uns vor Gasen, Stoffen, Partikeln und Organismen, die in unsere Atemwege gelangen k\u00f6nnten und f\u00fcr unsere Gesundheit schwerwiegende Folgen haben k\u00f6nnten. Bei diesem Ger\u00e4t handelt es sich um einen umluftunabh\u00e4ngigen Atemschutz bzw. Pressluftatmer.<\/p>\t\t\t\t\t\t\t\t<\/div>\n\t\t\t\t<\/div>\n\t\t\t\t\t<\/div>\n\t\t<\/div>\n\t\t\t\t<div class=\"elementor-column elementor-col-50 elementor-top-column elementor-element elementor-element-9b4900e\" data-id=\"9b4900e\" data-element_type=\"column\" data-e-type=\"column\">\n\t\t\t<div class=\"elementor-widget-wrap elementor-element-populated\">\n\t\t\t\t\t\t<div class=\"elementor-element elementor-element-8c4e4bc elementor-widget elementor-widget-image\" data-id=\"8c4e4bc\" data-element_type=\"widget\" data-e-type=\"widget\" data-widget_type=\"image.default\">\n\t\t\t\t<div class=\"elementor-widget-container\">\n\t\t\t\t\t\t\t\t\t\t\t\t\t\t\t<img decoding=\"async\" width=\"600\" height=\"400\" src=\"https:\/\/www.ffpw.at\/wp-content\/uploads\/2020\/03\/IMG_2224.jpg\" class=\"attachment-large size-large wp-image-228\" alt=\"\" srcset=\"https:\/\/www.ffpw.at\/wp-content\/uploads\/2020\/03\/IMG_2224.jpg 600w, https:\/\/www.ffpw.at\/wp-content\/uploads\/2020\/03\/IMG_2224-300x200.jpg 300w\" sizes=\"(max-width: 600px) 100vw, 600px\" \/>\t\t\t\t\t\t\t\t\t\t\t\t\t\t\t<\/div>\n\t\t\t\t<\/div>\n\t\t\t\t\t<\/div>\n\t\t<\/div>\n\t\t\t\t\t<\/div>\n\t\t<\/section>\n\t\t\t\t<section class=\"elementor-section elementor-top-section elementor-element elementor-element-bfd2d22 elementor-section-boxed elementor-section-height-default elementor-section-height-default\" data-id=\"bfd2d22\" data-element_type=\"section\" data-e-type=\"section\">\n\t\t\t\t\t\t<div class=\"elementor-container elementor-column-gap-default\">\n\t\t\t\t\t<div class=\"elementor-column elementor-col-50 elementor-top-column elementor-element elementor-element-753c5a6\" data-id=\"753c5a6\" data-element_type=\"column\" data-e-type=\"column\">\n\t\t\t<div class=\"elementor-widget-wrap elementor-element-populated\">\n\t\t\t\t\t\t<div class=\"elementor-element elementor-element-6b6e9b8 elementor-widget elementor-widget-image\" data-id=\"6b6e9b8\" data-element_type=\"widget\" data-e-type=\"widget\" data-widget_type=\"image.default\">\n\t\t\t\t<div class=\"elementor-widget-container\">\n\t\t\t\t\t\t\t\t\t\t\t\t\t\t\t<img decoding=\"async\" width=\"600\" height=\"400\" src=\"https:\/\/www.ffpw.at\/wp-content\/uploads\/2020\/03\/IMG_2226.jpg\" class=\"attachment-large size-large wp-image-229\" alt=\"\" srcset=\"https:\/\/www.ffpw.at\/wp-content\/uploads\/2020\/03\/IMG_2226.jpg 600w, https:\/\/www.ffpw.at\/wp-content\/uploads\/2020\/03\/IMG_2226-300x200.jpg 300w\" sizes=\"(max-width: 600px) 100vw, 600px\" \/>\t\t\t\t\t\t\t\t\t\t\t\t\t\t\t<\/div>\n\t\t\t\t<\/div>\n\t\t\t\t\t<\/div>\n\t\t<\/div>\n\t\t\t\t<div class=\"elementor-column elementor-col-50 elementor-top-column elementor-element elementor-element-b35c33d\" data-id=\"b35c33d\" data-element_type=\"column\" data-e-type=\"column\">\n\t\t\t<div class=\"elementor-widget-wrap elementor-element-populated\">\n\t\t\t\t\t\t<div class=\"elementor-element elementor-element-2fba3cf elementor-widget elementor-widget-heading\" data-id=\"2fba3cf\" data-element_type=\"widget\" data-e-type=\"widget\" data-widget_type=\"heading.default\">\n\t\t\t\t<div class=\"elementor-widget-container\">\n\t\t\t\t\t<h2 class=\"elementor-heading-title elementor-size-default\">W\u00e4rmebildkamera<\/h2>\t\t\t\t<\/div>\n\t\t\t\t<\/div>\n\t\t\t\t<div class=\"elementor-element elementor-element-a643c2f elementor-widget elementor-widget-text-editor\" data-id=\"a643c2f\" data-element_type=\"widget\" data-e-type=\"widget\" data-widget_type=\"text-editor.default\">\n\t\t\t\t<div class=\"elementor-widget-container\">\n\t\t\t\t\t\t\t\t\t<p style=\"text-align: center;\">Wir sind St\u00fctzpunktfeuerwehr f\u00fcr die W\u00e4rmebildkamera im Abschnitt V des Bereiches Graz-Umgebung. Eine W\u00e4rmebildkamera wandelt W\u00e4rmestrahlung von Personen und Objekten in ein sichtbares Bild um. Dies erm\u00f6glicht den Einsatzkr\u00e4ften, z.B. in stark verrauchten R\u00e4umen, verunfallte Personen oder auch einen Brandherd aufzufinden. Weiters erleichtert uns die W\u00e4rmebildkamera die Suche von verunfallten Personen bei Such- und Rettungsaktionen.<\/p>\t\t\t\t\t\t\t\t<\/div>\n\t\t\t\t<\/div>\n\t\t\t\t\t<\/div>\n\t\t<\/div>\n\t\t\t\t\t<\/div>\n\t\t<\/section>\n\t\t\t\t<section class=\"elementor-section elementor-top-section elementor-element elementor-element-edbba56 elementor-section-boxed elementor-section-height-default elementor-section-height-default\" data-id=\"edbba56\" data-element_type=\"section\" data-e-type=\"section\">\n\t\t\t\t\t\t<div class=\"elementor-container elementor-column-gap-default\">\n\t\t\t\t\t<div class=\"elementor-column elementor-col-50 elementor-top-column elementor-element elementor-element-c81dd54\" data-id=\"c81dd54\" data-element_type=\"column\" data-e-type=\"column\">\n\t\t\t<div class=\"elementor-widget-wrap elementor-element-populated\">\n\t\t\t\t\t\t<div class=\"elementor-element elementor-element-13eb797 elementor-widget elementor-widget-heading\" data-id=\"13eb797\" data-element_type=\"widget\" data-e-type=\"widget\" data-widget_type=\"heading.default\">\n\t\t\t\t<div class=\"elementor-widget-container\">\n\t\t\t\t\t<h2 class=\"elementor-heading-title elementor-size-default\">Druckbel\u00fcfter<\/h2>\t\t\t\t<\/div>\n\t\t\t\t<\/div>\n\t\t\t\t<div class=\"elementor-element elementor-element-dcf19c4 elementor-widget elementor-widget-text-editor\" data-id=\"dcf19c4\" data-element_type=\"widget\" data-e-type=\"widget\" data-widget_type=\"text-editor.default\">\n\t\t\t\t<div class=\"elementor-widget-container\">\n\t\t\t\t\t\t\t\t\t<p style=\"text-align: center;\">Ein Druckbel\u00fcfter kann je nach Ausf\u00fchrung, \u00fcber Strom oder Kraftstoff betrieben werden. Er wird verwendet, um verrauchte R\u00e4ume rauchfrei zu machen oder auch nicht verrauchte R\u00e4ume, rauchfrei zu halten.<\/p>\t\t\t\t\t\t\t\t<\/div>\n\t\t\t\t<\/div>\n\t\t\t\t\t<\/div>\n\t\t<\/div>\n\t\t\t\t<div class=\"elementor-column elementor-col-50 elementor-top-column elementor-element elementor-element-10f0934\" data-id=\"10f0934\" data-element_type=\"column\" data-e-type=\"column\">\n\t\t\t<div class=\"elementor-widget-wrap elementor-element-populated\">\n\t\t\t\t\t\t<div class=\"elementor-element elementor-element-e2f9d3e elementor-widget elementor-widget-image\" data-id=\"e2f9d3e\" data-element_type=\"widget\" data-e-type=\"widget\" data-widget_type=\"image.default\">\n\t\t\t\t<div class=\"elementor-widget-container\">\n\t\t\t\t\t\t\t\t\t\t\t\t\t\t\t<img loading=\"lazy\" decoding=\"async\" width=\"600\" height=\"400\" src=\"https:\/\/www.ffpw.at\/wp-content\/uploads\/2020\/03\/IMG_2237.jpg\" class=\"attachment-large size-large wp-image-230\" alt=\"\" srcset=\"https:\/\/www.ffpw.at\/wp-content\/uploads\/2020\/03\/IMG_2237.jpg 600w, https:\/\/www.ffpw.at\/wp-content\/uploads\/2020\/03\/IMG_2237-300x200.jpg 300w\" sizes=\"(max-width: 600px) 100vw, 600px\" \/>\t\t\t\t\t\t\t\t\t\t\t\t\t\t\t<\/div>\n\t\t\t\t<\/div>\n\t\t\t\t\t<\/div>\n\t\t<\/div>\n\t\t\t\t\t<\/div>\n\t\t<\/section>\n\t\t\t\t<section class=\"elementor-section elementor-top-section elementor-element elementor-element-d0743fd elementor-section-boxed elementor-section-height-default elementor-section-height-default\" data-id=\"d0743fd\" data-element_type=\"section\" data-e-type=\"section\">\n\t\t\t\t\t\t<div class=\"elementor-container elementor-column-gap-default\">\n\t\t\t\t\t<div class=\"elementor-column elementor-col-50 elementor-top-column elementor-element elementor-element-949f383\" data-id=\"949f383\" data-element_type=\"column\" data-e-type=\"column\">\n\t\t\t<div class=\"elementor-widget-wrap elementor-element-populated\">\n\t\t\t\t\t\t<div class=\"elementor-element elementor-element-fbf8ecc elementor-widget elementor-widget-image\" data-id=\"fbf8ecc\" data-element_type=\"widget\" data-e-type=\"widget\" data-widget_type=\"image.default\">\n\t\t\t\t<div class=\"elementor-widget-container\">\n\t\t\t\t\t\t\t\t\t\t\t\t\t\t\t<img loading=\"lazy\" decoding=\"async\" width=\"600\" height=\"400\" src=\"https:\/\/www.ffpw.at\/wp-content\/uploads\/2020\/03\/IMG_2242.jpg\" class=\"attachment-large size-large wp-image-231\" alt=\"\" srcset=\"https:\/\/www.ffpw.at\/wp-content\/uploads\/2020\/03\/IMG_2242.jpg 600w, https:\/\/www.ffpw.at\/wp-content\/uploads\/2020\/03\/IMG_2242-300x200.jpg 300w\" sizes=\"(max-width: 600px) 100vw, 600px\" \/>\t\t\t\t\t\t\t\t\t\t\t\t\t\t\t<\/div>\n\t\t\t\t<\/div>\n\t\t\t\t\t<\/div>\n\t\t<\/div>\n\t\t\t\t<div class=\"elementor-column elementor-col-50 elementor-top-column elementor-element elementor-element-b24cc0e\" data-id=\"b24cc0e\" data-element_type=\"column\" data-e-type=\"column\">\n\t\t\t<div class=\"elementor-widget-wrap elementor-element-populated\">\n\t\t\t\t\t\t<div class=\"elementor-element elementor-element-2ec1197 elementor-widget elementor-widget-heading\" data-id=\"2ec1197\" data-element_type=\"widget\" data-e-type=\"widget\" data-widget_type=\"heading.default\">\n\t\t\t\t<div class=\"elementor-widget-container\">\n\t\t\t\t\t<h2 class=\"elementor-heading-title elementor-size-default\">Zumischer + Schaumrohr <\/h2>\t\t\t\t<\/div>\n\t\t\t\t<\/div>\n\t\t\t\t<div class=\"elementor-element elementor-element-4a72339 elementor-widget elementor-widget-text-editor\" data-id=\"4a72339\" data-element_type=\"widget\" data-e-type=\"widget\" data-widget_type=\"text-editor.default\">\n\t\t\t\t<div class=\"elementor-widget-container\">\n\t\t\t\t\t\t\t\t\t<p style=\"text-align: center;\">Das L\u00f6schmittel Schaum ist ein wichtiger Bestandteil unserer M\u00f6glichkeiten einen Brand zu l\u00f6schen. Um Schaum zu erzeugen wird Wasser, Schaummittel und Luft ben\u00f6tigt. Mit Hilfe des Zumischers wird unserem L\u00f6schwasser das notwendige Schaummittel zugef\u00fchrt. Dieser sollte, je nach M\u00f6glichkeit, au\u00dferhalb des unmittelbaren Gefahrenbereichs (ca. 30m) positioniert werden. Am Ende der &#8222;Schaumleitung&#8220; wird das Schaumrohr (in unserem Fall ein Mehrbereichsschaumrohr) montiert. Durch das Zusammenspiel von Wassermenge, Druck, Schaummittelzumischung und Luft k\u00f6nnen mit dem L\u00f6schmittel Schaum, \u00fcber nahezu alle Brandklassen &#8211; ausgenommen elektrische Anlagen &#8211; umwelt- und wasserschonende L\u00f6scherfolge erreicht werden. Leider ist es meist nicht m\u00f6glich Schaum einzusetzten, da die Vorbereitung einiges an Zeit ben\u00f6tigt.<\/p>\t\t\t\t\t\t\t\t<\/div>\n\t\t\t\t<\/div>\n\t\t\t\t\t<\/div>\n\t\t<\/div>\n\t\t\t\t\t<\/div>\n\t\t<\/section>\n\t\t\t\t<\/div>\n\t\t","protected":false},"excerpt":{"rendered":"<p>Notstromaggregat Das Notstromaggregat dient zur mobilen Stromversorgung von elektrischen Verbrauchen. Anwendungsbeispiele f\u00fcr die Energieversorgung: Einsatzbeleuchtung Tauchpumpen Rettungsger\u00e4ten Atemschutzger\u00e4t Atemschutzger\u00e4te dienen zum sicheren Vorgehen bei nicht atembarer Luft. Sie sch\u00fctzen uns vor Gasen, Stoffen, Partikeln und Organismen, die in unsere Atemwege gelangen k\u00f6nnten und f\u00fcr unsere Gesundheit schwerwiegende Folgen haben k\u00f6nnten. Bei diesem Ger\u00e4t handelt es sich um einen umluftunabh\u00e4ngigen Atemschutz bzw. Pressluftatmer. W\u00e4rmebildkamera Wir sind St\u00fctzpunktfeuerwehr f\u00fcr die W\u00e4rmebildkamera im Abschnitt V des Bereiches Graz-Umgebung. Eine W\u00e4rmebildkamera wandelt W\u00e4rmestrahlung von Personen und Objekten in ein sichtbares Bild um. Dies erm\u00f6glicht den Einsatzkr\u00e4ften, z.B. in stark verrauchten R\u00e4umen, verunfallte Personen oder&#8230; <\/p>\n","protected":false},"author":1,"featured_media":0,"parent":14,"menu_order":0,"comment_status":"closed","ping_status":"closed","template":"template-parts\/template-full-width.php","meta":{"footnotes":""},"class_list":["post-56","page","type-page","status-publish","hentry"],"_links":{"self":[{"href":"https:\/\/www.ffpw.at\/index.php?rest_route=\/wp\/v2\/pages\/56","targetHints":{"allow":["GET"]}}],"collection":[{"href":"https:\/\/www.ffpw.at\/index.php?rest_route=\/wp\/v2\/pages"}],"about":[{"href":"https:\/\/www.ffpw.at\/index.php?rest_route=\/wp\/v2\/types\/page"}],"author":[{"embeddable":true,"href":"https:\/\/www.ffpw.at\/index.php?rest_route=\/wp\/v2\/users\/1"}],"replies":[{"embeddable":true,"href":"https:\/\/www.ffpw.at\/index.php?rest_route=%2Fwp%2Fv2%2Fcomments&post=56"}],"version-history":[{"count":0,"href":"https:\/\/www.ffpw.at\/index.php?rest_route=\/wp\/v2\/pages\/56\/revisions"}],"up":[{"embeddable":true,"href":"https:\/\/www.ffpw.at\/index.php?rest_route=\/wp\/v2\/pages\/14"}],"wp:attachment":[{"href":"https:\/\/www.ffpw.at\/index.php?rest_route=%2Fwp%2Fv2%2Fmedia&parent=56"}],"curies":[{"name":"wp","href":"https:\/\/api.w.org\/{rel}","templated":true}]}}