{"id":62,"date":"2020-02-12T10:11:56","date_gmt":"2020-02-12T09:11:56","guid":{"rendered":"http:\/\/www.ffpw.at\/cms6\/?page_id=62"},"modified":"2020-04-21T23:44:00","modified_gmt":"2020-04-21T21:44:00","slug":"alarmierung","status":"publish","type":"page","link":"https:\/\/www.ffpw.at\/?page_id=62","title":{"rendered":"Alarmierung"},"content":{"rendered":"\t\t<div data-elementor-type=\"wp-page\" data-elementor-id=\"62\" class=\"elementor elementor-62\" data-elementor-post-type=\"page\">\n\t\t\t\t\t\t<section class=\"elementor-section elementor-top-section elementor-element elementor-element-28a0b2d elementor-section-boxed elementor-section-height-default elementor-section-height-default\" data-id=\"28a0b2d\" data-element_type=\"section\" data-e-type=\"section\">\n\t\t\t\t\t\t<div class=\"elementor-container elementor-column-gap-default\">\n\t\t\t\t\t<div class=\"elementor-column elementor-col-100 elementor-top-column elementor-element elementor-element-e35da45\" data-id=\"e35da45\" data-element_type=\"column\" data-e-type=\"column\">\n\t\t\t<div class=\"elementor-widget-wrap elementor-element-populated\">\n\t\t\t\t\t\t<div class=\"elementor-element elementor-element-0f8b48d elementor-widget elementor-widget-text-editor\" data-id=\"0f8b48d\" data-element_type=\"widget\" data-e-type=\"widget\" data-widget_type=\"text-editor.default\">\n\t\t\t\t<div class=\"elementor-widget-container\">\n\t\t\t\t\t\t\t\t\t<p>Der L\u00f6schbereich der FF Pirka-Windorf befindet sich im Zust\u00e4ndigkeitsbereich des W\u00e4hlamtes Graz-Stra\u00dfgang. Alle Notrufe an die Notrufnummer <strong>122<\/strong> werden daher an die f\u00fcr Stra\u00dfgang zust\u00e4ndige Berufsfeuerwehr Graz vermittelt. Diese wiederum m\u00fcsste die aufgenommenen Einsatzdaten im Anschluss selbst an die alarmierende Zentrale weitergeben, was unn\u00f6tig Zeit kostet. Aus diesem Grund ist es wichtig, dass man beim Absetzen eines Notrufes in Graz Umgebung auch eine Vorwahl aus Graz-Umgebung verwendet. Es hat sich \u00fcber die Jahre eingeb\u00fcrgert, dass als Vorwahl <strong>03133<\/strong> angegeben wird. Dies bezieht sich auf den ehemaligen Standort der Bereichswarnzentrale in Nestelbach.<\/p><p>Der Standort der Bereichswarnzentrale Graz-Umgebung befindet sich in Raaba. An zwei Arbeitspl\u00e4tzen ist es m\u00f6glich Notrufe entgegen zu nehmen und auf Grund der Sachlage zu handelt bzw. die zust\u00e4ndige Feuerwehr\u00a0 zu alarmieren. Der Dienst am Florian Graz-Umgebung wird von ehrenamtlichen Mitarbeitern durchgef\u00fchrt.<\/p><p>Aufgrund der neu errichteten Landesleitzentrale in Lebring mit hauptamtlichen Disponenten wird der Dienst am &#8222;Florian Graz-Umgebung&#8220; vorzugsweise von Montag bis Donnerstag, in der Zeit von 18:30 Uhr bis 05:30 Uhr besetzt. Im Katastrophenfall (Starkregen, Sturm, \u00fcber\u00f6rtliche Gro\u00dfereignisse,&#8230;) wird der &#8222;Florian Graz-Umgebung&#8220; hochgefahren, um eine bestm\u00f6gliche feuerwehrtechnische Betreuung des Bereiches Graz-Umgebung zu gew\u00e4hrleisten.<\/p><p>Nach dem Eintreffen des Notrufes und der folgenden Lageeinsch\u00e4tzung \/ Erhebung der Daten durch den Disonenten wird die zust\u00e4ndige Feuerwehr alarmiert. Durch Pager und Sirene werden die Feuerwehrleute, die sich in ihrem normalen Tagesablauf befinden, alarmiert. Nach dem Eintreffen der Kameraden im R\u00fcsthaus und dem Anlegen der pers\u00f6nlichen Schutzausr\u00fcstung werden die Fahrzeuge gem\u00e4\u00df Ausr\u00fcckeordnung besetzt. Man wei\u00df also Feuerwehrmann also nie genau, wer am Sitz neben an sitzen wird, und muss sich daher auf alle Kameraden zu 100% verlassen k\u00f6nnen. Sobald das erste Fahrzeug voll besetzt ist, r\u00fcckt dieses zum Einsatzort aus. Weitere Fahrzeuge folgen sobald sie voll besetzt seind.<\/p><p>Sollte es unter der Woche am Vormittag nicht m\u00f6glich sein, ein Auto zu besetzen oder die Dimension des Einsatzes zu gro\u00df sein, werden umgehend benachbarte Feuerwehren nachalarmiert.<\/p>\t\t\t\t\t\t\t\t<\/div>\n\t\t\t\t<\/div>\n\t\t\t\t\t<\/div>\n\t\t<\/div>\n\t\t\t\t\t<\/div>\n\t\t<\/section>\n\t\t\t\t<section class=\"elementor-section elementor-top-section elementor-element elementor-element-4205b73 elementor-section-boxed elementor-section-height-default elementor-section-height-default\" data-id=\"4205b73\" data-element_type=\"section\" data-e-type=\"section\">\n\t\t\t\t\t\t<div class=\"elementor-container elementor-column-gap-default\">\n\t\t\t\t\t<div class=\"elementor-column elementor-col-100 elementor-top-column elementor-element elementor-element-a223deb\" data-id=\"a223deb\" data-element_type=\"column\" data-e-type=\"column\">\n\t\t\t<div class=\"elementor-widget-wrap elementor-element-populated\">\n\t\t\t\t\t\t<div class=\"elementor-element elementor-element-3744788 elementor-align-center elementor-widget elementor-widget-button\" data-id=\"3744788\" data-element_type=\"widget\" data-e-type=\"widget\" data-widget_type=\"button.default\">\n\t\t\t\t<div class=\"elementor-widget-container\">\n\t\t\t\t\t\t\t\t\t<div class=\"elementor-button-wrapper\">\n\t\t\t\t\t<a class=\"elementor-button elementor-button-link elementor-size-sm\" href=\"https:\/\/www.bfvgu.steiermark.at\/desktopdefault.aspx\/tabid-634\/\">\n\t\t\t\t\t\t<span class=\"elementor-button-content-wrapper\">\n\t\t\t\t\t\t\t\t\t<span class=\"elementor-button-text\">Mehr erfahren ..<\/span>\n\t\t\t\t\t<\/span>\n\t\t\t\t\t<\/a>\n\t\t\t\t<\/div>\n\t\t\t\t\t\t\t\t<\/div>\n\t\t\t\t<\/div>\n\t\t\t\t\t<\/div>\n\t\t<\/div>\n\t\t\t\t\t<\/div>\n\t\t<\/section>\n\t\t\t\t<\/div>\n\t\t","protected":false},"excerpt":{"rendered":"<p>Der L\u00f6schbereich der FF Pirka-Windorf befindet sich im Zust\u00e4ndigkeitsbereich des W\u00e4hlamtes Graz-Stra\u00dfgang. Alle Notrufe an die Notrufnummer 122 werden daher an die f\u00fcr Stra\u00dfgang zust\u00e4ndige Berufsfeuerwehr Graz vermittelt. Diese wiederum m\u00fcsste die aufgenommenen Einsatzdaten im Anschluss selbst an die alarmierende Zentrale weitergeben, was unn\u00f6tig Zeit kostet. Aus diesem Grund ist es wichtig, dass man beim Absetzen eines Notrufes in Graz Umgebung auch eine Vorwahl aus Graz-Umgebung verwendet. Es hat sich \u00fcber die Jahre eingeb\u00fcrgert, dass als Vorwahl 03133 angegeben wird. Dies bezieht sich auf den ehemaligen Standort der Bereichswarnzentrale in Nestelbach. Der Standort der Bereichswarnzentrale Graz-Umgebung befindet sich in Raaba&#8230;. <\/p>\n","protected":false},"author":1,"featured_media":0,"parent":14,"menu_order":0,"comment_status":"closed","ping_status":"closed","template":"template-parts\/template-full-width.php","meta":{"footnotes":""},"class_list":["post-62","page","type-page","status-publish","hentry"],"_links":{"self":[{"href":"https:\/\/www.ffpw.at\/index.php?rest_route=\/wp\/v2\/pages\/62","targetHints":{"allow":["GET"]}}],"collection":[{"href":"https:\/\/www.ffpw.at\/index.php?rest_route=\/wp\/v2\/pages"}],"about":[{"href":"https:\/\/www.ffpw.at\/index.php?rest_route=\/wp\/v2\/types\/page"}],"author":[{"embeddable":true,"href":"https:\/\/www.ffpw.at\/index.php?rest_route=\/wp\/v2\/users\/1"}],"replies":[{"embeddable":true,"href":"https:\/\/www.ffpw.at\/index.php?rest_route=%2Fwp%2Fv2%2Fcomments&post=62"}],"version-history":[{"count":0,"href":"https:\/\/www.ffpw.at\/index.php?rest_route=\/wp\/v2\/pages\/62\/revisions"}],"up":[{"embeddable":true,"href":"https:\/\/www.ffpw.at\/index.php?rest_route=\/wp\/v2\/pages\/14"}],"wp:attachment":[{"href":"https:\/\/www.ffpw.at\/index.php?rest_route=%2Fwp%2Fv2%2Fmedia&parent=62"}],"curies":[{"name":"wp","href":"https:\/\/api.w.org\/{rel}","templated":true}]}}